{"id":6,"date":"2025-09-06T12:41:37","date_gmt":"2025-09-06T12:41:37","guid":{"rendered":"https:\/\/jaboetticher.ch\/?page_id=6"},"modified":"2025-09-06T12:56:02","modified_gmt":"2025-09-06T12:56:02","slug":"aktuell","status":"publish","type":"page","link":"https:\/\/jaboetticher.ch\/","title":{"rendered":"Aktuell"},"content":{"rendered":"<div class=\"wpb-content-wrapper\">[vc_row][vc_column][vc_column_text css=&#8220;&#8220;]J\u00f6rg-Andreas B\u00f6tticher, (geb. 1964 in Berlin, Deutsch-Schweizer Doppelb\u00fcrger), absolvierte seine Schulzeit in L\u00f6rrach. Er war langj\u00e4hriges Mitglied der Knabenkantorei Basel. Seine ersten Orgelstunden erhielt er von seiner Grossmutter. Nach der Grundausbildung in Klavier und Orgel folgte eine kurze Karriere als Keyboarder. Darauf studierte er Alte Musik an der Schola Cantorum Basiliensis. Einem Diplom f\u00fcr Orgel bei Jean-Claude Zehnder und f\u00fcr Cembalo bei Andreas Staier schlossen sich Studien bei Jesper B. Christensen (Generalbass) und Gustav Leonhardt (Cembalo) sowie weitere musikalische Lehrjahre an.<\/p>\n<p>Er konzertiert als Solist, sowie mit verschiedenen Ensembles (u. a. Abendmusiken Basel, voces suaves). 2013\/14 wirkte er bei Auff\u00fchrungen der Matth\u00e4uspassion mit den Berliner Philharmonikern unter Simon Rattle mit. 2015 wurde er eingeladen, mit dem Orchester von Granada als Dirigent und Solist die Brandenburgischen Konzerte aufzuf\u00fchren. 2019\/20 arbeitete er mit dem Ensemble Altberg (Polen).<\/p>\n<p>B\u00f6tticher ist Professor f\u00fcr Cembalo und Generalbass an der Schola Cantorum Basiliensis. An der Hochschule f\u00fcr Musik Basel unterrichtete er von 1998 bis 2016 Auff\u00fchrungspraxis \u00e4lterer Musik. Kurse und Vortr\u00e4ge f\u00fchrten ihn an verschiedene europ\u00e4ische Musikhochschulen und nach Bogot\u00e1. Er ist Organist an der Predigerkirche Basel mit vier Orgeln und Mitinitiator der dortigen Gesamtauff\u00fchrung der Bachkantaten (2004\u20132012) sowie k\u00fcnstlerischer Leiter der \u201eAbendmusiken Basel\u201c (seit 2013).<\/p>\n<p>Er forscht und publizierte zu den Themen Generalbass, Musik\u00e4sthetik und zum Kantatenoeuvre Bachs. Als Juror ist er regelm\u00e4ssig eingeladen zu Orgelwettbewerben wie dem Paul Hofhaimer-Wettbewerb (Innsbruck), organ competition Alkmar oder dem Grand Prix Bach (Lausanne). Zusammen mit Elam Rotem betreut er die viel beachtete Webseite earlymusicsources.com.<\/p>\n<p>Verschiedene CD-Aufnahmen dokumentieren seine langj\u00e4hrige, intensive Auseinandersetzung mit unbekannteren Komponisten, u.a. Cembalo bzw. Orgel solo: A. Poglietti, M. Rossi, G. Muffat; Kammermusik: C. Zuccari, G. Fritz, \u201eThe Violin\u2019s delight\u201c (mit P. Nikitassova); I. Albertini, N. Matteis, J. H. Schmelzer (mit H\u00e9l\u00e8ne Schmitt). Seine Einspielung der Sonaten f\u00fcr Cembalo obligato und Violine von J. S. Bach (mit Chiara Banchini) wurde mit einem Diaposon d\u2019or ausgezeichnet. Mit dem Ensemble der Abendmusiken nahm er Werke aus der D\u00fcben-Sammlung sowie von G. Peranda und B. Erben auf. 2020 erhielt er den Wissenschaftspreis der Stadt Basel.[\/vc_column_text][\/vc_column][\/vc_row]\n<\/div>","protected":false},"excerpt":{"rendered":"<p>[vc_row][vc_column][vc_column_text css=&#8220;&#8220;]J\u00f6rg-Andreas B\u00f6tticher, (geb. 1964 in Berlin, Deutsch-Schweizer Doppelb\u00fcrger), absolvierte seine Schulzeit in L\u00f6rrach. Er war langj\u00e4hriges Mitglied der Knabenkantorei Basel. Seine ersten Orgelstunden erhielt er von seiner Grossmutter. Nach der Grundausbildung in Klavier und Orgel folgte eine kurze Karriere als Keyboarder. Darauf studierte er Alte Musik an der Schola Cantorum Basiliensis. Einem Diplom f\u00fcr&hellip;<\/p>\n","protected":false},"author":1,"featured_media":0,"parent":0,"menu_order":0,"comment_status":"closed","ping_status":"closed","template":"","meta":{"footnotes":""},"class_list":["post-6","page","type-page","status-publish","hentry","entry","no-media"],"_links":{"self":[{"href":"https:\/\/jaboetticher.ch\/index.php?rest_route=\/wp\/v2\/pages\/6","targetHints":{"allow":["GET"]}}],"collection":[{"href":"https:\/\/jaboetticher.ch\/index.php?rest_route=\/wp\/v2\/pages"}],"about":[{"href":"https:\/\/jaboetticher.ch\/index.php?rest_route=\/wp\/v2\/types\/page"}],"author":[{"embeddable":true,"href":"https:\/\/jaboetticher.ch\/index.php?rest_route=\/wp\/v2\/users\/1"}],"replies":[{"embeddable":true,"href":"https:\/\/jaboetticher.ch\/index.php?rest_route=%2Fwp%2Fv2%2Fcomments&post=6"}],"version-history":[{"count":3,"href":"https:\/\/jaboetticher.ch\/index.php?rest_route=\/wp\/v2\/pages\/6\/revisions"}],"predecessor-version":[{"id":15,"href":"https:\/\/jaboetticher.ch\/index.php?rest_route=\/wp\/v2\/pages\/6\/revisions\/15"}],"wp:attachment":[{"href":"https:\/\/jaboetticher.ch\/index.php?rest_route=%2Fwp%2Fv2%2Fmedia&parent=6"}],"curies":[{"name":"wp","href":"https:\/\/api.w.org\/{rel}","templated":true}]}}